{"id":3314,"date":"2020-06-23T12:50:33","date_gmt":"2020-06-23T10:50:33","guid":{"rendered":"https:\/\/www.checkout-charlie.com\/?page_id=3314"},"modified":"2026-04-09T13:37:44","modified_gmt":"2026-04-09T11:37:44","slug":"impressum","status":"publish","type":"page","link":"https:\/\/www.checkout-charlie.com\/de\/impressum\/","title":{"rendered":"Impressum"},"content":{"rendered":"<p><strong>Technischer Verantwortlicher gem\u00e4\u00df \u00a75 TMG (Telemediengesetz) sowie<br \/>\nerg\u00e4nzend \u00a755 I RStV (Staatsvertrag \u00fcber Rundfunk und Telemedien):<\/strong><\/p>\n<p>Checkout Charlie GmbH<br \/>\nAlt-Moabit 104<br \/>\n10559 Berlin<br \/>\nGesch\u00e4ftsf\u00fchrer: Bernd Vermaaten, Dr. Thilo Gans<br \/>\nTel.: 030 \/ 92 10 64-0<br \/>\nFax: 030 \/ 92 10 64-323<\/p>\n<p><strong>Unser Kundenservice ist wie folgt zu erreichen:<br \/>\nservice[at]checkout-charlie.com<\/strong><\/p>\n<p>E-Mail: <a href=\"mailto:info@checkout-charlie.com\">info [at] checkout-charlie.com<\/a><br \/>\nWebsite: <a href=\"http:\/\/www.checkout-charlie.com\/de\">www.checkout-charlie.com\/de<\/a><br \/>\nSt-Nr.: 14\/692\/07629<br \/>\nUSt-IdNr.: DE 261418271<br \/>\nHandelsregister: HR Berlin Charlottenburg 115346 B<\/p>\n<p>R<strong>edaktionsanschrift (V.i.S.d.P.):<\/strong><br \/>\nBernd Vermaaten, Dr. Thilo Gans<br \/>\nCheckout Charlie GmbH<br \/>\nAlt-Moabit 104<br \/>\n10559 Berlin<br \/>\nRechtliche Hinweise<br \/>\nBilderquellen<br \/>\nHinweis: Die Checkout Charlie GmbH firmierte bis Juni 2020 als SPARWELT GmbH.<\/p>\n<p><strong>Dieses Impressum gilt auch f\u00fcr den<\/strong><br \/>\n\u2022 Facebook-Account <a href=\"http:\/\/www.facebook.com\/sparwelt\">http:\/\/www.facebook.com\/sparwelt<\/a>,<br \/>\n\u2022 YouTube-Account <a href=\"https:\/\/www.youtube.com\/sparweltde\">https:\/\/www.youtube.com\/sparweltde<\/a> sowie den<br \/>\n\u2022 Instagram-Account <a href=\"https:\/\/www.instagram.com\/sparwelt.de\/\">https:\/\/www.instagram.com\/sparwelt.de\/<\/a><\/p>\n<p>F\u00fcr allgemeine Anfragen kann au\u00dferdem das <a href=\"https:\/\/www.checkout-charlie.com\/de\/kontakt\/\">Kontaktformular<\/a> genutzt werden.<\/p>\n","protected":false},"excerpt":{"rendered":"<p>Technischer Verantwortlicher gem\u00e4\u00df \u00a75 TMG (Telemediengesetz) sowie erg\u00e4nzend \u00a755 I RStV (Staatsvertrag \u00fcber Rundfunk und Telemedien): Checkout Charlie GmbH Alt-Moabit 104 10559 Berlin Gesch\u00e4ftsf\u00fchrer: Bernd Vermaaten, Dr. Thilo Gans Tel.: 030 \/ 92 10 64-0 Fax: 030 \/ 92 10 64-323 Unser Kundenservice ist wie folgt zu erreichen: service[at]checkout-charlie.com E-Mail: info [at] checkout-charlie.com Website: www.checkout-charlie.com\/de [&hellip;]<\/p>\n","protected":false},"author":1,"featured_media":0,"parent":0,"menu_order":0,"comment_status":"closed","ping_status":"closed","template":"","meta":{"footnotes":""},"yoast_head":"<!-- This site is optimized with the Yoast SEO plugin v21.5 - https:\/\/yoast.com\/wordpress\/plugins\/seo\/ -->\n<title>Impressum | Checkout Charlie GmbH<\/title>\n<meta name=\"robots\" content=\"index, follow, max-snippet:-1, max-image-preview:large, max-video-preview:-1\" \/>\n<link rel=\"canonical\" href=\"https:\/\/www.checkout-charlie.com\/de\/impressum\/\" \/>\n<meta property=\"og:locale\" content=\"de_DE\" \/>\n<meta property=\"og:type\" content=\"article\" \/>\n<meta property=\"og:title\" content=\"Impressum | Checkout Charlie GmbH\" \/>\n<meta property=\"og:description\" content=\"Technischer Verantwortlicher gem\u00e4\u00df \u00a75 TMG (Telemediengesetz) sowie erg\u00e4nzend \u00a755 I RStV (Staatsvertrag \u00fcber Rundfunk und Telemedien): Checkout Charlie GmbH Alt-Moabit 104 10559 Berlin Gesch\u00e4ftsf\u00fchrer: Bernd Vermaaten, Dr. Thilo Gans Tel.: 030 \/ 92 10 64-0 Fax: 030 \/ 92 10 64-323 Unser Kundenservice ist wie folgt zu erreichen: service[at]checkout-charlie.com E-Mail: info [at] checkout-charlie.com Website: www.checkout-charlie.com\/de [&hellip;]\" \/>\n<meta property=\"og:url\" content=\"https:\/\/www.checkout-charlie.com\/de\/impressum\/\" \/>\n<meta property=\"og:site_name\" content=\"Checkout Charlie GmbH\" \/>\n<meta property=\"article:modified_time\" content=\"2026-04-09T11:37:44+00:00\" \/>\n<meta property=\"og:image\" content=\"https:\/\/www.checkout-charlie.com\/wp-content\/uploads\/2020\/06\/og-meta.jpg\" \/>\n\t<meta property=\"og:image:width\" content=\"1200\" \/>\n\t<meta property=\"og:image:height\" content=\"630\" \/>\n\t<meta property=\"og:image:type\" content=\"image\/jpeg\" \/>\n<meta name=\"twitter:card\" content=\"summary_large_image\" \/>\n<meta name=\"twitter:label1\" content=\"Est. reading time\" \/>\n\t<meta name=\"twitter:data1\" content=\"1 Minute\" \/>\n<script type=\"application\/ld+json\" class=\"yoast-schema-graph\">{\"@context\":\"https:\/\/schema.org\",\"@graph\":[{\"@type\":\"WebPage\",\"@id\":\"https:\/\/www.checkout-charlie.com\/de\/impressum\/\",\"url\":\"https:\/\/www.checkout-charlie.com\/de\/impressum\/\",\"name\":\"Impressum | Checkout Charlie GmbH\",\"isPartOf\":{\"@id\":\"https:\/\/www.checkout-charlie.com\/de\/#website\"},\"datePublished\":\"2020-06-23T10:50:33+00:00\",\"dateModified\":\"2026-04-09T11:37:44+00:00\",\"breadcrumb\":{\"@id\":\"https:\/\/www.checkout-charlie.com\/de\/impressum\/#breadcrumb\"},\"inLanguage\":\"de-DE\",\"potentialAction\":[{\"@type\":\"ReadAction\",\"target\":[\"https:\/\/www.checkout-charlie.com\/de\/impressum\/\"]}]},{\"@type\":\"BreadcrumbList\",\"@id\":\"https:\/\/www.checkout-charlie.com\/de\/impressum\/#breadcrumb\",\"itemListElement\":[{\"@type\":\"ListItem\",\"position\":1,\"name\":\"Home\",\"item\":\"https:\/\/www.checkout-charlie.com\/de\/\"},{\"@type\":\"ListItem\",\"position\":2,\"name\":\"Impressum\"}]},{\"@type\":\"WebSite\",\"@id\":\"https:\/\/www.checkout-charlie.com\/de\/#website\",\"url\":\"https:\/\/www.checkout-charlie.com\/de\/\",\"name\":\"Checkout Charlie GmbH\",\"description\":\"Dein Affiliate Publisher\",\"potentialAction\":[{\"@type\":\"SearchAction\",\"target\":{\"@type\":\"EntryPoint\",\"urlTemplate\":\"https:\/\/www.checkout-charlie.com\/de\/?s={search_term_string}\"},\"query-input\":\"required name=search_term_string\"}],\"inLanguage\":\"de-DE\"}]}<\/script>\n<!-- \/ Yoast SEO plugin. -->","yoast_head_json":{"title":"Impressum | Checkout Charlie GmbH","robots":{"index":"index","follow":"follow","max-snippet":"max-snippet:-1","max-image-preview":"max-image-preview:large","max-video-preview":"max-video-preview:-1"},"canonical":"https:\/\/www.checkout-charlie.com\/de\/impressum\/","og_locale":"de_DE","og_type":"article","og_title":"Impressum | Checkout Charlie GmbH","og_description":"Technischer Verantwortlicher gem\u00e4\u00df \u00a75 TMG (Telemediengesetz) sowie erg\u00e4nzend \u00a755 I RStV (Staatsvertrag \u00fcber Rundfunk und Telemedien): Checkout Charlie GmbH Alt-Moabit 104 10559 Berlin Gesch\u00e4ftsf\u00fchrer: Bernd Vermaaten, Dr. Thilo Gans Tel.: 030 \/ 92 10 64-0 Fax: 030 \/ 92 10 64-323 Unser Kundenservice ist wie folgt zu erreichen: service[at]checkout-charlie.com E-Mail: info [at] checkout-charlie.com Website: www.checkout-charlie.com\/de [&hellip;]","og_url":"https:\/\/www.checkout-charlie.com\/de\/impressum\/","og_site_name":"Checkout Charlie GmbH","article_modified_time":"2026-04-09T11:37:44+00:00","og_image":[{"width":1200,"height":630,"url":"https:\/\/www.checkout-charlie.com\/wp-content\/uploads\/2020\/06\/og-meta.jpg","type":"image\/jpeg"}],"twitter_card":"summary_large_image","twitter_misc":{"Est. reading time":"1 Minute"},"schema":{"@context":"https:\/\/schema.org","@graph":[{"@type":"WebPage","@id":"https:\/\/www.checkout-charlie.com\/de\/impressum\/","url":"https:\/\/www.checkout-charlie.com\/de\/impressum\/","name":"Impressum | Checkout Charlie GmbH","isPartOf":{"@id":"https:\/\/www.checkout-charlie.com\/de\/#website"},"datePublished":"2020-06-23T10:50:33+00:00","dateModified":"2026-04-09T11:37:44+00:00","breadcrumb":{"@id":"https:\/\/www.checkout-charlie.com\/de\/impressum\/#breadcrumb"},"inLanguage":"de-DE","potentialAction":[{"@type":"ReadAction","target":["https:\/\/www.checkout-charlie.com\/de\/impressum\/"]}]},{"@type":"BreadcrumbList","@id":"https:\/\/www.checkout-charlie.com\/de\/impressum\/#breadcrumb","itemListElement":[{"@type":"ListItem","position":1,"name":"Home","item":"https:\/\/www.checkout-charlie.com\/de\/"},{"@type":"ListItem","position":2,"name":"Impressum"}]},{"@type":"WebSite","@id":"https:\/\/www.checkout-charlie.com\/de\/#website","url":"https:\/\/www.checkout-charlie.com\/de\/","name":"Checkout Charlie GmbH","description":"Dein Affiliate Publisher","potentialAction":[{"@type":"SearchAction","target":{"@type":"EntryPoint","urlTemplate":"https:\/\/www.checkout-charlie.com\/de\/?s={search_term_string}"},"query-input":"required name=search_term_string"}],"inLanguage":"de-DE"}]}},"_links":{"self":[{"href":"https:\/\/www.checkout-charlie.com\/de\/wp-json\/wp\/v2\/pages\/3314"}],"collection":[{"href":"https:\/\/www.checkout-charlie.com\/de\/wp-json\/wp\/v2\/pages"}],"about":[{"href":"https:\/\/www.checkout-charlie.com\/de\/wp-json\/wp\/v2\/types\/page"}],"author":[{"embeddable":true,"href":"https:\/\/www.checkout-charlie.com\/de\/wp-json\/wp\/v2\/users\/1"}],"replies":[{"embeddable":true,"href":"https:\/\/www.checkout-charlie.com\/de\/wp-json\/wp\/v2\/comments?post=3314"}],"version-history":[{"count":24,"href":"https:\/\/www.checkout-charlie.com\/de\/wp-json\/wp\/v2\/pages\/3314\/revisions"}],"predecessor-version":[{"id":5526,"href":"https:\/\/www.checkout-charlie.com\/de\/wp-json\/wp\/v2\/pages\/3314\/revisions\/5526"}],"wp:attachment":[{"href":"https:\/\/www.checkout-charlie.com\/de\/wp-json\/wp\/v2\/media?parent=3314"}],"curies":[{"name":"wp","href":"https:\/\/api.w.org\/{rel}","templated":true}]}}